{"id":27926,"date":"2025-04-24T10:07:17","date_gmt":"2025-04-24T08:07:17","guid":{"rendered":"https:\/\/fundacioncbcanarias.org\/cookie-policy-eu\/"},"modified":"2025-12-02T15:58:40","modified_gmt":"2025-12-02T14:58:40","slug":"politica-de-cookies-ue","status":"publish","type":"page","link":"https:\/\/fundacioncbcanarias.org\/en\/politica-de-cookies-ue\/","title":{"rendered":"Pol\u00edtica de cookies (UE)"},"content":{"rendered":"<section class=\"politica-cookies\">\n<ul>\n<li aria-level=\"1\">\n<h2><b>\u00bfQU\u00c9 SON LAS COOKIES?<\/b><\/h2>\n<\/li>\n<\/ul>\n<p><span style=\"font-weight: 400;\">Una cookie es un archivo de texto que un servidor web puede guardar en el disco duro de tu equipo para almacenar alg\u00fan tipo de informaci\u00f3n sobre ti como usuario. Las cookies se utilizan con diversas finalidades tales como almacenar datos para pr\u00f3ximas visitas, para reconocer al usuario y evitar pedir de nuevo la autentificaci\u00f3n, para saber que paginas visitas, o para guardar tus preferencias en \u00e1reas personalizables&#8230; Normalmente los sitios web utilizan las cookies para obtener informaci\u00f3n estad\u00edstica sobre sus p\u00e1ginas web, y analizar el comportamiento de sus clientes\/usuarios.<\/span><\/p>\n<p><span style=\"font-weight: 400;\">Quedan exceptuadas del cumplimiento de las obligaciones establecidas en el art\u00edculo 22.2 de la LSSI las cookies utilizadas para alguna de las siguientes finalidades:<\/span><\/p>\n<ul>\n<li style=\"font-weight: 400;\" aria-level=\"1\"><span style=\"font-weight: 400;\">Permitir \u00fanicamente la comunicaci\u00f3n entre el equipo del usuario y la red.<\/span><\/li>\n<li style=\"font-weight: 400;\" aria-level=\"1\"><span style=\"font-weight: 400;\">Estrictamente prestar un servicio expresamente solicitado por el usuario.<\/span><\/li>\n<\/ul>\n<p><span style=\"font-weight: 400;\">As\u00ed, quedan entre las cookies exceptuadas estar\u00edan aquellas que tienen por finalidad:<\/span><\/p>\n<ul>\n<li style=\"font-weight: 400;\" aria-level=\"1\"><span style=\"font-weight: 400;\">Cookies de \u201centrada del usuario\u201d. Son aquellas que se almacenan en el equipo cuando el usuario introduce informaci\u00f3n en un sitio web. Por ejemplo, al rellenar un formulario web.<\/span><\/li>\n<li style=\"font-weight: 400;\" aria-level=\"1\"><span style=\"font-weight: 400;\">Cookies de autenticaci\u00f3n o identificaci\u00f3n de usuario (\u00fanicamente de sesi\u00f3n).\u00a0 Su funci\u00f3n es identificar a un usuario cuando \u00e9ste introduzca sus credenciales al iniciar sesi\u00f3n.<\/span><\/li>\n<li style=\"font-weight: 400;\" aria-level=\"1\"><span style=\"font-weight: 400;\">Cookies de seguridad del usuario. Son las cookies que detectan problemas o riesgos de seguridad. Por ejemplo, aquellas que detectan intentos err\u00f3neos y reiterados de conexi\u00f3n.<\/span><\/li>\n<li style=\"font-weight: 400;\" aria-level=\"1\"><span style=\"font-weight: 400;\">Cookies de sesi\u00f3n de reproductor multimedia. Permiten reproducir contenido multimedia en las webs que visita el usuario. Por ejemplo, los v\u00eddeos que se reproducen autom\u00e1ticamente al entrar en una web est\u00e1n autorizados por este tipo de cookies.<\/span><\/li>\n<li style=\"font-weight: 400;\" aria-level=\"1\"><span style=\"font-weight: 400;\">Cookies de sesi\u00f3n para equilibrar la carga. Conectan el servidor del sitio web y el del usuario para que la informaci\u00f3n se pueda transmitir entre ambos.<\/span><\/li>\n<li style=\"font-weight: 400;\" aria-level=\"1\"><span style=\"font-weight: 400;\">Cookies de personalizaci\u00f3n de la interfaz de usuario. Son las cookies que recuerdan las preferencias de los usuarios durante la navegaci\u00f3n por una web. Por ejemplo, el idioma; el navegador elegido; etc.<\/span><\/li>\n<li style=\"font-weight: 400;\" aria-level=\"1\"><span style=\"font-weight: 400;\">Determinadas cookies de complemento (plug-in) para intercambiar contenidos sociales. Se utilizan cuando el usuario visita redes sociales a trav\u00e9s de una web. Por ejemplo, al compartir en redes sociales el art\u00edculo de una web.<\/span><\/li>\n<\/ul>\n<p><span style=\"font-weight: 400;\">Los usos concretos que hacemos de estas tecnolog\u00edas se describen en los siguientes apartados.<\/span><\/p>\n<ul>\n<li aria-level=\"1\">\n<h2><b>TIPOS DE COOKIES<\/b><\/h2>\n<\/li>\n<\/ul>\n<p><span style=\"font-weight: 400;\">Las cookies pueden clasificarse seg\u00fan los siguientes criterios:<\/span><\/p>\n<p><span style=\"font-weight: 400;\">Seg\u00fan <\/span><b>quien instala<\/b><span style=\"font-weight: 400;\"> la cookie, \u00e9stas pueden ser:\u00a0<\/span><\/p>\n<p><b>Cookies propias:<\/b><span style=\"font-weight: 400;\"> Son aqu\u00e9llas que se env\u00edan al equipo terminal del usuario desde un equipo o dominio gestionado por el propio editor y desde el que se presta el servicio solicitado por el usuario.<\/span><\/p>\n<p><b>Cookies de terceros:<\/b><span style=\"font-weight: 400;\"> Son aqu\u00e9llas que se env\u00edan al equipo terminal del usuario bien desde un desde un equipo o dominio gestionado por nosotros o por un tercero, pero la informaci\u00f3n que se recoja de las cookies es gestionada por un tercero distinto del titular de la web.<\/span><\/p>\n<p><span style=\"font-weight: 400;\">Seg\u00fan su <\/span><b>plazo<\/b><span style=\"font-weight: 400;\"> de conservaci\u00f3n, las cookies pueden ser:<\/span><\/p>\n<p><b>Cookies de sesi\u00f3n<\/b><span style=\"font-weight: 400;\">: Son aquellas que duran el tiempo que el usuario est\u00e1 navegando por la p\u00e1gina Web y se borran cuando finaliza la navegaci\u00f3n.<\/span><\/p>\n<p><b>Cookies persistentes:<\/b><span style=\"font-weight: 400;\"> Quedan almacenadas en el terminal del usuario, por un tiempo m\u00e1s largo, facilitando as\u00ed el control de las preferencias elegidas sin tener que repetir ciertos par\u00e1metros cada vez que se visite el sitio Web.<\/span><\/p>\n<p><span style=\"font-weight: 400;\">Seg\u00fan su <\/span><b>finalidad,<\/b><span style=\"font-weight: 400;\"> las cookies pueden ser:<\/span><\/p>\n<p><b>Cookies t\u00e9cnicas:<\/b><span style=\"font-weight: 400;\"> Las cookies t\u00e9cnicas son aquellas imprescindibles y estrictamente necesarias para el correcto funcionamiento de un sitio Web y el uso de las diversas opciones y servicios que ofrece. Por ejemplo, las de mantenimiento de sesi\u00f3n, las que permiten utilizar elementos de seguridad, compartir contenido con redes sociales, etc.<\/span><\/p>\n<p><b>Cookies de personalizaci\u00f3n:<\/b><span style=\"font-weight: 400;\"> Permiten al usuario escoger o personalizar caracter\u00edsticas de la p\u00e1gina Web como el idioma, configuraci\u00f3n regional o tipo de navegador.<\/span><\/p>\n<p><b>Cookies anal\u00edticas:<\/b><span style=\"font-weight: 400;\"> Son las utilizadas por los portales Web, para elaborar perfiles de navegaci\u00f3n y poder conocer las preferencias de los usuarios con el fin de mejorar la oferta de productos y servicios. Permiten controlar \u00e1reas geogr\u00e1ficas de mayor inter\u00e9s de un usuario, la informaci\u00f3n de la web de m\u00e1s aceptaci\u00f3n, etc.<\/span><\/p>\n<p><b>Cookies publicitarias \/ de publicidad:<\/b><span style=\"font-weight: 400;\"> son aquellas que almacenan informaci\u00f3n del comportamiento de los usuarios obtenida a trav\u00e9s de la observaci\u00f3n continuada de sus h\u00e1bitos de navegaci\u00f3n, lo que permite desarrollar un perfil espec\u00edfico para mostrar publicidad en funci\u00f3n de este.<\/span><\/p>\n<ul>\n<li aria-level=\"1\">\n<h2><b>COOKIES UTILIZADAS EN NUESTRA WEB<\/b><\/h2>\n<\/li>\n<\/ul>\n<p><span style=\"font-weight: 400;\">https:\/\/fundacioncbcanarias.org\/ utiliza los siguientes tipos de cookies en la web:\u00a0<\/span><\/p>\n<p><b>Cookies t\u00e9cnicas<\/b><\/p>\n<p><span style=\"font-weight: 400;\">Permiten al usuario navegar por la Web, recordar sus contrase\u00f1as y usar funcionalidades como el carrito de la compra.<\/span><\/p>\n<p>&nbsp;<\/p>\n<p><b>Las cookies propias y de terceros utilizadas en nuestra web, instaladas en nuestro propio dominio, son las siguientes:<\/b><\/p>\n<table>\n<thead>\n<tr>\n<th><span style=\"font-weight: 400;\">Nombre de la cookie<\/span><\/th>\n<th><span style=\"font-weight: 400;\">Finalidad<\/span><\/th>\n<th><span style=\"font-weight: 400;\">Propia\/ de terceros<\/span><\/th>\n<th><span style=\"font-weight: 400;\">Duraci\u00f3n<\/span><\/th>\n<th><span style=\"font-weight: 400;\">\u00bfCu\u00e1ndo se instala?<\/span><\/th>\n<\/tr>\n<tr>\n<th><span style=\"font-weight: 400;\"> cmplz_banner-status<\/span><\/th>\n<th><span style=\"font-weight: 400;\"> Control del banner de cookies (recordar si se cerr\u00f3\/acept\u00f3)<\/span><\/th>\n<th><span style=\"font-weight: 400;\"> De terceros<\/span><\/th>\n<th><span style=\"font-weight: 400;\">1 a\u00f1o<\/span><\/th>\n<th><span style=\"font-weight: 400;\"> Al acceder por primera vez y mostrar banner<\/span><\/th>\n<\/tr>\n<tr>\n<th><span style=\"font-weight: 400;\">cmplz_consented_services<\/span><\/th>\n<th><span style=\"font-weight: 400;\">Gestionar qu\u00e9 servicios ha aceptado el usuario<\/span><\/th>\n<th><span style=\"font-weight: 400;\"> De terceros<\/span><\/th>\n<th><span style=\"font-weight: 400;\">1 a\u00f1o<\/span><\/th>\n<th><span style=\"font-weight: 400;\">Al dar o modificar consentimiento<\/span><\/th>\n<\/tr>\n<tr>\n<th><span style=\"font-weight: 400;\">cmplz_functional<\/span><\/th>\n<th><span style=\"font-weight: 400;\">Habilita cookies funcionales aceptadas<\/span><\/th>\n<th><span style=\"font-weight: 400;\"> De terceros<\/span><\/th>\n<th><span style=\"font-weight: 400;\">1 a\u00f1o<\/span><\/th>\n<th><span style=\"font-weight: 400;\">Al aceptar cookies funcionales<\/span><\/th>\n<\/tr>\n<tr>\n<th><span style=\"font-weight: 400;\">cmplz_marketing<\/span><\/th>\n<th><span style=\"font-weight: 400;\">Permitir el uso de cookies de marketing<\/span><\/th>\n<th><span style=\"font-weight: 400;\"> De terceros<\/span><\/th>\n<th><span style=\"font-weight: 400;\">1 a\u00f1o<\/span><\/th>\n<th><span style=\"font-weight: 400;\">Al aceptar cookies de marketing<\/span><\/th>\n<\/tr>\n<tr>\n<th><span style=\"font-weight: 400;\">cmplz_policy_id<\/span><\/th>\n<th><span style=\"font-weight: 400;\">Guarda la versi\u00f3n de la pol\u00edtica de cookies aceptada<\/span><\/th>\n<th><span style=\"font-weight: 400;\"> De terceros<\/span><\/th>\n<th><span style=\"font-weight: 400;\">1 a\u00f1o<\/span><\/th>\n<th><span style=\"font-weight: 400;\">Cuando el usuario acepta cookies<\/span><\/th>\n<\/tr>\n<tr>\n<th><span style=\"font-weight: 400;\">cmplz_preferences<\/span><\/th>\n<th><span style=\"font-weight: 400;\">Recordar preferencias seleccionadas por el usuario<\/span><\/th>\n<th><span style=\"font-weight: 400;\"> De terceros<\/span><\/th>\n<th><span style=\"font-weight: 400;\">1 a\u00f1o<\/span><\/th>\n<th><span style=\"font-weight: 400;\">Al aceptar preferencias en el banner<\/span><\/th>\n<\/tr>\n<tr>\n<th><span style=\"font-weight: 400;\">cmplz_statistics<\/span><\/th>\n<th><span style=\"font-weight: 400;\">Permitir el uso de cookies estad\u00edsticas<\/span><\/th>\n<th><span style=\"font-weight: 400;\"> De terceros<\/span><\/th>\n<th><span style=\"font-weight: 400;\">1 a\u00f1o<\/span><\/th>\n<th><span style=\"font-weight: 400;\">Al aceptar estad\u00edsticas\/anal\u00edticas<\/span><\/th>\n<\/tr>\n<tr>\n<th><span style=\"font-weight: 400;\">wp-wpml_current_language<\/span><\/th>\n<th><span style=\"font-weight: 400;\">Mantener idioma seleccionado por el usuario<\/span><\/th>\n<th><span style=\"font-weight: 400;\">Propia<\/span><\/th>\n<th><span style=\"font-weight: 400;\">Sesi\u00f3n<\/span><\/th>\n<th><span style=\"font-weight: 400;\">Cuando el usuario navega entre p\u00e1ginas<\/span><\/th>\n<\/tr>\n<\/thead>\n<\/table>\n<p><span style=\"font-weight: 400;\">Esta web, como la mayor\u00eda de los sitios web, incluye funcionalidades proporcionadas por terceros.<\/span><\/p>\n<p><span style=\"font-weight: 400;\">Nuestra web es una web viva y se pueden incluir nuevos dise\u00f1os o servicios de terceros. Esto puede modificar ocasionalmente la configuraci\u00f3n de cookies y que aparezcan cookies no detalladas de forma pormenorizada en la presente pol\u00edtica.<\/span><\/p>\n<p><span style=\"font-weight: 400;\">Nuestro sitio no controla las\u00a0cookies\u00a0utilizadas por estos terceros. Para m\u00e1s informaci\u00f3n sobre las cookies\u00a0de las redes sociales u otras Webs ajenas, aconsejamos revisar sus propias pol\u00edticas de\u00a0cookies.<\/span><\/p>\n<ul>\n<li aria-level=\"1\">\n<h2><b>INFORMACI\u00d3N Y OBTENCI\u00d3N DEL CONSENTIMIENTO PARA LA INSTALACI\u00d3N<\/b><\/h2>\n<\/li>\n<\/ul>\n<p><span style=\"font-weight: 400;\">https:\/\/fundacioncbcanarias.org\/ ha procurado el establecimiento de mecanismos adecuados para la obtenci\u00f3n del consentimiento del usuario en relaci\u00f3n con las cookies, p\u00edxeles de seguimiento y balizas web (web beacons), no estrictamente necesarios. Esto incluye a los dispositivos de seguimiento de an\u00e1lisis o de medici\u00f3n, que no se instalar\u00e1n salvo aceptaci\u00f3n expresa del usuario.<\/span><\/p>\n<p><span style=\"font-weight: 400;\">Con el acceso a nuestra web, aparece un pop-up en el que se informa de todos los detalles acerca de las cookies y otros dispositivos de seguimiento; ofreciendo una aceptaci\u00f3n granular de \u00e9stas.<\/span><\/p>\n<p><span style=\"font-weight: 400;\">Los usuarios no tendr\u00e1n que dar su consentimiento cada vez que visiten la web. Conservaremos su consentimiento y preferencias de dispositivos de seguimiento durante el plazo m\u00e1ximo de 24 meses. Antes de que transcurra dicho plazo le solicitaremos la renovaci\u00f3n de su consentimiento en relaci\u00f3n con las cookies y otros dispositivos de seguimiento.<\/span><\/p>\n<ul>\n<li aria-level=\"1\">\n<h2><b>\u00bfC\u00d3MO PUEDO IMPEDIR LA INSTALACI\u00d3N DE COOKIES?<\/b><\/h2>\n<\/li>\n<\/ul>\n<p><span style=\"font-weight: 400;\">El usuario puede rechazar la instalaci\u00f3n de todas aquellas cookies y otros dispositivos de seguimiento, seg\u00fan sus preferencias, salvo aquellos que autorice expresamente o los que son de perfil t\u00e9cnico y deben ser instalados para garantizar el funcionamiento correcto de la p\u00e1gina web,\u00a0 se\u00f1alando los que desee instalar o rechazar en el pop-up o ventana de aceptaci\u00f3n de cookies que aparece al ingresar en la home. No obstante, existen otras formas de evitar que se instalen cookies u otros dispositivos de seguimiento en el equipo, como les indicamos a continuaci\u00f3n.<\/span><\/p>\n<p><span style=\"font-weight: 400;\">El usuario puede configurar su navegador para aceptar, o no, las cookies que recibe o para que el navegador le avise cuando un servidor quiera guardar una cookie. Si se deshabilitan algunas cookies t\u00e9cnicas no se garantiza el correcto funcionamiento de algunas de las utilidades de la web.\u00a0<\/span><\/p>\n<p><span style=\"font-weight: 400;\">El usuario podr\u00e1 excluir que se almacenen en su terminal las cookies <\/span><i><span style=\"font-weight: 400;\">&#8220;anal\u00edticas y publicitarias\u201d<\/span><\/i><span style=\"font-weight: 400;\"> de Google Analytics mediante los <\/span><a href=\"https:\/\/tools.google.com\/dlpage\/gaoptout\"><span style=\"font-weight: 400;\">sistemas de exclusi\u00f3n facilitados por\u00a0Google Analytics<\/span><span style=\"font-weight: 400;\">.<\/span><\/a><\/p>\n<p><span style=\"font-weight: 400;\">A continuaci\u00f3n, tambi\u00e9n le facilitamos algunos ejemplos de c\u00f3mo deshabilitar las cookies:<\/span><\/p>\n<ul>\n<li aria-level=\"1\"><b>Mediante la configuraci\u00f3n del propio navegador:<\/b><\/li>\n<\/ul>\n<ul>\n<li style=\"font-weight: 400;\" aria-level=\"1\"><span style=\"font-weight: 400;\">Internet Explorer: <\/span><a href=\"http:\/\/windows.microsoft.com\/es-es\/windows-vista\/block-or-allow-cookies\"><span style=\"font-weight: 400;\">http:\/\/windows.microsoft.com\/es-es\/windows-vista\/block-or-allow-cookies<\/span><\/a><\/li>\n<li style=\"font-weight: 400;\" aria-level=\"1\"><span style=\"font-weight: 400;\">Firefox: <\/span><a href=\"https:\/\/support.mozilla.org\/es\/kb\/Borrar%20cookies\"><span style=\"font-weight: 400;\">https:\/\/support.mozilla.org\/es\/kb\/Borrar%20cookies<\/span><\/a><\/li>\n<li style=\"font-weight: 400;\" aria-level=\"1\"><span style=\"font-weight: 400;\">Safari: <\/span><span style=\"font-weight: 400;\">\u00a0<\/span><a href=\"http:\/\/support.apple.com\/kb\/HT1677?viewlocale=es_ES\"><span style=\"font-weight: 400;\">http:\/\/support.apple.com\/kb\/HT1677?viewlocale=es_ES<\/span><\/a><span style=\"font-weight: 400;\">.\u00a0<\/span><\/li>\n<li style=\"font-weight: 400;\" aria-level=\"1\"><span style=\"font-weight: 400;\">Chrome: <\/span><a href=\"https:\/\/support.google.com\/accounts\/answer\/61416?hl=es\"><span style=\"font-weight: 400;\">https:\/\/support.google.com\/accounts\/answer\/61416?hl=es<\/span><\/a><span style=\"font-weight: 400;\">.<\/span><\/li>\n<li style=\"font-weight: 400;\" aria-level=\"1\"><span style=\"font-weight: 400;\">Opera: <\/span><a href=\"http:\/\/help.opera.com\/Windows\/11.50\/es-ES\/cookies.html\"><span style=\"font-weight: 400;\">http:\/\/help.opera.com\/Windows\/11.50\/es-ES\/cookies.html<\/span><\/a><\/li>\n<\/ul>\n<p><span style=\"font-weight: 400;\">Para ampliar esta informaci\u00f3n acuda a la p\u00e1gina de la Agencia Espa\u00f1ola de Protecci\u00f3n de Datos que ayuda a configurar la privacidad en redes sociales, navegadores y sistemas operativos m\u00f3viles. <\/span><a href=\"http:\/\/www.agpd.es\/portalwebAGPD\/CanalDelCiudadano\/protegetuprivacidad\/index-ides-idphp.php\"><span style=\"font-weight: 400;\">M\u00e1s informaci\u00f3n.<\/span><\/a><span style=\"font-weight: 400;\">\u00a0<\/span><\/p>\n<ul>\n<li aria-level=\"1\"><b>Mediante herramientas de terceros:<\/b><\/li>\n<\/ul>\n<p><span style=\"font-weight: 400;\">Existen herramientas de terceros, disponibles online, que permiten a los usuarios detectar las cookies en cada sitio web que visita y gestionar su desactivaci\u00f3n, por ejemplo:<\/span><\/p>\n<p><a href=\"http:\/\/www.ghostery.com\/\"><span style=\"font-weight: 400;\">http:\/\/www.ghostery.com<\/span><\/a><\/p>\n<p><a href=\"http:\/\/www.youronlinechoices.com\/es\/\"><span style=\"font-weight: 400;\">http:\/\/www.youronlinechoices.com\/es\/<\/span><\/a><\/p>\n<p><span style=\"font-weight: 400;\">En todo caso, el usuario puede permitir o bloquear las cookies, as\u00ed como borrar sus datos de navegaci\u00f3n (incluidas las cookies) desde el navegador que utiliza. Consulte las opciones e instrucciones que ofrece su navegador para ello. Tenga en cuenta que si acepta las cookies de terceros, deber\u00e1 eliminarlas desde las opciones del navegador.<\/span><\/p>\n<ul>\n<li aria-level=\"1\">\n<h2><b>\u00a0ENLACES A OTROS SITIOS WEB<\/b><\/h2>\n<\/li>\n<\/ul>\n<p><span style=\"font-weight: 400;\">Si opta por abandonar nuestro sitio Web a trav\u00e9s de enlaces a otros sitios Web no pertenecientes a nuestra entidad, no nos haremos responsables de las pol\u00edticas de privacidad de dichos sitios Web ni de las cookies que estos puedan almacenar en el ordenador del usuario.<\/span><\/p>\n<ul>\n<li aria-level=\"1\">\n<h2><b>\u00bfC\u00d3MO RECOPILAMOS Y USAMOS LAS DIRECCIONES IP?<\/b><\/h2>\n<\/li>\n<\/ul>\n<p><span style=\"font-weight: 400;\">Los servidores de la Web podr\u00e1n detectar de manera autom\u00e1tica la direcci\u00f3n IP y el nombre de dominio utilizados por los usuarios.<\/span><\/p>\n<p><span style=\"font-weight: 400;\">Una direcci\u00f3n IP es un n\u00famero asignado autom\u00e1ticamente a un ordenador cuando \u00e9ste se conecta a Internet. Esta informaci\u00f3n permite el posterior procesamiento de los datos con el fin de saber si ha prestado su consentimiento para la instalaci\u00f3n de cookies, realizar mediciones \u00fanicamente estad\u00edsticas que permitan conocer el n\u00famero de visitas realizadas a la Web, el orden de visitas, el punto de acceso, etc.<\/span><\/p>\n<ul>\n<li aria-level=\"1\">\n<h2><b>\u00a0TRANSFERENCIA INTERNACIONAL DE DATOS<\/b><\/h2>\n<\/li>\n<\/ul>\n<p><span style=\"font-weight: 400;\">Las cookies y otros dispositivos de seguimiento instalados en nuestro dominio web se instalan en nuestro servidor por lo que los datos en ellas recogidos no son sometidos a transferencias internacionales de datos.<\/span><\/p>\n<p><span style=\"font-weight: 400;\">Puedes informarte de las transferencias que, en su caso, puedan realizar los terceros identificados en la presente Pol\u00edtica de Cookies en sus correspondientes pol\u00edticas (v\u00e9ase el siguiente enlace: <\/span><a href=\"https:\/\/policies.google.com\/technologies\/cookies?hl=es\"><span style=\"font-weight: 400;\">https:\/\/policies.google.com\/technologies\/cookies?hl=es<\/span><\/a><span style=\"font-weight: 400;\">)<\/span><\/p>\n<ul>\n<li aria-level=\"1\">\n<h2><b>ACTUALIZACI\u00d3N DE NUESTRA POL\u00cdTICA DE COOKIES<\/b><\/h2>\n<\/li>\n<\/ul>\n<p><span style=\"font-weight: 400;\">Esta pol\u00edtica se revisa peri\u00f3dicamente para asegurar su vigencia, por lo que puede ser modificada. Le recomendamos que visite la p\u00e1gina con regularidad donde le informaremos de cualquier actualizaci\u00f3n al respecto.<\/span><\/p>\n<p>&nbsp;<\/p>\n<p><b>Fecha: 27\/11\/2025<\/b><\/p>\n<p><b>Versi\u00f3n: V.2.0<\/b><\/p>\n<\/section>\n","protected":false},"excerpt":{"rendered":"<p>\u00bfQU\u00c9 SON LAS COOKIES? Una cookie es un archivo de texto que un servidor web puede guardar en el disco duro de tu equipo para almacenar alg\u00fan tipo de informaci\u00f3n sobre ti como usuario. Las cookies se utilizan con diversas finalidades tales como almacenar datos para pr\u00f3ximas visitas, para reconocer al usuario y evitar pedir [&hellip;]<\/p>\n","protected":false},"author":1,"featured_media":0,"parent":0,"menu_order":0,"comment_status":"closed","ping_status":"closed","template":"page-templates\/single-page-texto.php","meta":{"_genesis_hide_title":false,"_genesis_hide_breadcrumbs":false,"_genesis_hide_singular_image":false,"_genesis_hide_footer_widgets":false,"_genesis_custom_body_class":"","_genesis_custom_post_class":"","_genesis_layout":"","footnotes":""},"class_list":{"0":"post-27926","1":"page","2":"type-page","3":"status-publish","5":"entry"},"_links":{"self":[{"href":"https:\/\/fundacioncbcanarias.org\/en\/wp-json\/wp\/v2\/pages\/27926","targetHints":{"allow":["GET"]}}],"collection":[{"href":"https:\/\/fundacioncbcanarias.org\/en\/wp-json\/wp\/v2\/pages"}],"about":[{"href":"https:\/\/fundacioncbcanarias.org\/en\/wp-json\/wp\/v2\/types\/page"}],"author":[{"embeddable":true,"href":"https:\/\/fundacioncbcanarias.org\/en\/wp-json\/wp\/v2\/users\/1"}],"replies":[{"embeddable":true,"href":"https:\/\/fundacioncbcanarias.org\/en\/wp-json\/wp\/v2\/comments?post=27926"}],"version-history":[{"count":1,"href":"https:\/\/fundacioncbcanarias.org\/en\/wp-json\/wp\/v2\/pages\/27926\/revisions"}],"predecessor-version":[{"id":51697,"href":"https:\/\/fundacioncbcanarias.org\/en\/wp-json\/wp\/v2\/pages\/27926\/revisions\/51697"}],"wp:attachment":[{"href":"https:\/\/fundacioncbcanarias.org\/en\/wp-json\/wp\/v2\/media?parent=27926"}],"curies":[{"name":"wp","href":"https:\/\/api.w.org\/{rel}","templated":true}]}}